{"id":2008,"date":"2020-01-03T13:44:52","date_gmt":"2020-01-03T12:44:52","guid":{"rendered":"https:\/\/www.staging.rockytravel.net\/?page_id=2008"},"modified":"2020-12-05T17:58:52","modified_gmt":"2020-12-05T16:58:52","slug":"guenstige-inlandsfluege-australien","status":"publish","type":"page","link":"https:\/\/www.staging.rockytravel.net\/de\/guenstige-inlandsfluege-australien\/","title":{"rendered":"G\u00fcnstige Inlandsfl\u00fcge Australien"},"content":{"rendered":"<h2 style=\"text-align: left;\">Wie man g\u00fcnstige Inlandsfl\u00fcge Australien findet und bucht<\/h2>\n<p style=\"text-align: left;\">Wenn es darum geht, <strong>g\u00fcnstige Inlandsfl\u00fcge Australien<\/strong> zu finden gibt es viele gute Online Suchmachinen, welche Preisvergleiche f\u00fcr Fluege innerhalb Australien liefern. Diese Webseiten st\u00f6bern die gr\u00f6\u00dften Reisen-Suchmachinen im Internet durch, um die aktuellsten Angebote an Inlandsfl\u00fcge Australien zuzustellen.<\/p>\n<p style=\"text-align: left;\">Bevor man ins Detail die einzelnen <a href=\"https:\/\/www.staging.rockytravel.net\/de\/beste-reiseseiten-billigreisen\/\" rel=\"noopener\">Webseiten<\/a> durchgeht, hier finden Sie unsere beste Tipps, welche man bei der Buchung von Inlandsfl\u00fcgen in Australien ber\u00fccksichtigen sollte.<\/p>\n<h3 style=\"text-align: left;\"><a href=\"https:\/\/www.staging.rockytravel.net\/wp-content\/uploads\/2013\/01\/InternalFlightsAustralia.jpg\"><img loading=\"lazy\" decoding=\"async\" class=\"wp-image-7068 aligncenter\" title=\"G\u00fcnstige Inlandsf\u00fcge Australien\" src=\"https:\/\/www.staging.rockytravel.net\/wp-content\/uploads\/2013\/01\/InternalFlightsAustralia-300x180.jpg\" alt=\"G\u00fcnstige Inlandsf\u00fcge Australien\" width=\"530\" height=\"318\" srcset=\"https:\/\/www.staging.rockytravel.net\/wp-content\/uploads\/2013\/01\/InternalFlightsAustralia-300x180.jpg 300w, https:\/\/www.staging.rockytravel.net\/wp-content\/uploads\/2013\/01\/InternalFlightsAustralia.jpg 640w\" sizes=\"auto, (max-width: 530px) 100vw, 530px\" \/><\/a><br \/>\nTipps zur Buchung von Inlandsfl\u00fcgen Australien<\/h3>\n<p style=\"text-align: left;\">Es ist sehr wichtig dass man bei der Suche und Buchung von billigen Fl\u00fcgen innerhalb Australien folgende Hinweisen folgt:<\/p>\n<ul>\n<li><strong>Angebote und Sonderpreise an Inlandsfl\u00fcge Australien<\/strong> werden in der Regeln 2-4 Monate bekannt gemacht. Dies passiert normalerweise \u00fcber Internet-Werbung, auf den Webseiten der Fluggesellschaften, oder per Newsletter mitgeteilt.<\/li>\n<li><strong>Die Suche von den besten Angeboten<\/strong> an Inlandsfl\u00fcge in Australien soll daher zwischen 3-5 Monate vor der gew\u00fcnschten Reisezeit erfolgen.<\/li>\n<li><strong>Wann soll man einen Inlandsflug buchen?<br \/>\n<\/strong>In der Regel, zwischen 2-4 Monaten im voraus, aber je fr\u00fcher desto besser. Jedoch, muss man auch einen wichtigen Aspket ber\u00fccksichtigen. Sie m\u00fcssen 100% \u00fcber die Daten sicher sein, da Flug-Daten-Um\u00e4nderungen elativ teuer sind. Hierunter Details:<\/li>\n<li><strong>2 Monate im voraus <\/strong>ist die Mindestzeit wenn Sie w\u00e4hrend des Jahres verreisen, d.h. in keinem Hochsaison, wie Weihnachten, Ostern oder bei in Australien bekannten Public Holidays und Schulferiren<\/li>\n<li><strong>4 Monate im voraus<\/strong> ist die Mindestzeit f\u00fcr die Buchung von Fl\u00fcgen in Australien, die im Hochsaison stattfinden.<\/li>\n<li>Sie k\u00f6nnen sich bei der Newsletter von Anbietern anschreiben damit Sie regelm\u00e4ssig von aktuellen Angeboten per Email benachrichtigt werden.<\/li>\n<\/ul>\n<blockquote><p><strong>Folgen Sie diese Tipps, sparen Sie 20-50% bei Inlandsfl\u00fcgen!<\/strong><\/p><\/blockquote>\n<p>Die Regel ist: je l\u00e4nger man wartet und je n\u00e4her der Reisezeit man bucht desto mehr zahlt man. Es gibt keine &#8220;<strong>Last Minute Fl\u00fcge innerhalb Australien<\/strong>&#8221; wie man es in Europa oder in den US gew\u00f6hnt ist, wenn man g\u00fcnstige Fl\u00fcge oft in der letzten Minute finden kann. Das funktioniert anders in Australien!<\/p>\n<h3>Wie man einen g\u00fcnstigen Inlandsflug in Australien bucht<\/h3>\n<p style=\"text-align: left;\">Wenn es darum geht, <strong>gute Angebote an Inlandsfl\u00fcge in Australien <\/strong>zu finden, gibt es mehrere Reise-Webseiten die behilflich bei der Online-Suche sein k\u00f6nnen.<\/p>\n<p style=\"text-align: left;\">Wotif ist die bekannteste Seite <strong>zum Preisvergleich von Fl\u00fcgen innerhalb Australien.<\/strong><\/p>\n<p><a href=\"https:\/\/prf.hn\/click\/camref:1011lSzZ\/destination:https%3A%2F%2Fwww.wotif.com%2FFlights\" target=\"_blank\" rel=\"nofollow noopener noreferrer\"><strong>Wotif<\/strong><\/a> ist eine super gute Website zum Preisvergleich, die Echtzeit Suchergebnisse f\u00fcr g\u00fcnstige Inlandsfl\u00fcge liefert. Ich habe oft diesen Buchungsservice verwendet f\u00fcr meine Reisen in Australien und war zufrieden. Bitte beachten Sie dass Wotif weiterhin gut f\u00fcr All-Inclusive-Pakete ist, bzw. wenn man <a href=\"https:\/\/prf.hn\/click\/camref:1011lSzZ\/destination:https%3A%2F%2Fwww.wotif.com%2FHotels\" target=\"_blank\" rel=\"nofollow noopener noreferrer\"><strong>Flug + Hotel<\/strong><\/a> in Australien buchen will.<\/p>\n<p>Dar\u00fcber hinaus empfehle ich Ihnen, die Sonderangebote von <strong>Qantas<\/strong> (Friday-Frenzy) und deren Low-Cost-Fluggesellschaft Jetstar regelm\u00e4ssig online zu checken. <strong>Jetstar Airways <\/strong>ist vielleicht die beste Airline in Australien f\u00fcr preiswerte Inlandsfl\u00fcge.<\/p>\n<p><strong>Virgin Australia<\/strong> ist auch sehr beliebt und wettbewerbf\u00e4hig mit allen anderen \u00f6rtliche Flug-Gesellaschaften.<\/p>\n<p>Virgin bietet ganz tolle Preise und Deals, die man entweder auf der <a href=\"https:\/\/prf.hn\/click\/camref:1100l35Be\/destination:https%3A%2F%2Fspecials.virginaustralia.com%2F\" target=\"_blank\" rel=\"nofollow noopener noreferrer\"><strong>Virgin Australia Specials Page<\/strong><\/a> Page, oder auch jeden Donnerstag \u00fcber die <strong>Thursday-Happy-Hour<\/strong> finden kann.<\/p>\n<p>Am besten alle M\u00f6glichkeiten mehrmals durchst\u00f6bern bevor man den best passenden Inlandsflug in Australien bucht.<\/p>\n<h3 style=\"text-align: left;\">Kosten und Preis-Vergleichsseiten f\u00fcr Inlandsfl\u00fcge Australien<\/h3>\n<p>Au\u00dfer<a href=\"https:\/\/prf.hn\/click\/camref:1011lSzZ\/destination:https%3A%2F%2Fwww.wotif.com%2FFlights\" target=\"_blank\" rel=\"nofollow noopener noreferrer\"><strong> Wotif<\/strong><\/a> gibt es noch ein paar Preis-Vergleichsseiten, die ich Ihnen gerne empfehlen kann, wenn man nach g\u00fcnstigen Inlandsfl\u00fcgen Australien sucht.<\/p>\n<p><a href=\"https:\/\/clkuk.tradedoubler.com\/click?p(224467)a(3056651)g(20638248)\" target=\"_blank\" rel=\"nofollow noopener noreferrer\"><span style=\"text-decoration: underline;\"><strong>Skyscanner<\/strong><\/span><\/a>\u00a0 ist sehr gut zum Preisvergleich von verschiedenen lokalen Flug-Gesellschaften. Das ist eine meiner lieblingsseiten weltweit. Diese kann zum Teil jedoch nicht alle Australiens Low-Coast Flug-Gesellschaften miteinbeziehen. Daher ist es immer ratsam, sich Preisvergleiche von mehreren Websiten einzuholen, bevor man mit der definitive Flug-Buchung vorgeht. Eine ganz tolle Seite is zum Beispiel<\/p>\n<p><span style=\"text-decoration: underline;\"><strong>Kiwi<\/strong><\/span> nicht so bekannt, wie die anderen, aber eine der besten Seiten zum Preisvergleich von internationalen als auch Inlandsfl\u00fcgen. Ich finde die Kiwi Seite vielleicht kompletter als Skyscanner, da sie mehere Optionen und zus\u00e4tzlichen Bonuses bietet, die es bei anderen Seiten nicht gibt.<\/p>\n<p>Kiwi ist eine OTA (Online Travel Agency), d.h. sie werden den Kunden Service bekommen, wenn Sie bei denen einen Inlandsflug buchen, den man von einer klassichen Reise-Agentur erwarten kann. (nur eben Online).<\/p>\n<p>Beide Seiten sind hervorragende Tools wenn man preiswerte Fl\u00fcge Online buchen will; ich w\u00fcrde bei beiden st\u00f6bern bis man das best passende Flug-Deal findet.<\/p>\n<h2>Was Sie noch wissen sollten \u00fcber Inlandsfl\u00fcge in Australien<\/h2>\n<p>Bevor man entscheidet \u00fcber <strong>welche Platform Fl\u00fcge<\/strong> <strong>buchen soll<\/strong>, m\u00fcsste man feststellen, ob es eine Preisdifferenz gibt. Dazu muss man auch die etlichen Zusatzkosten addieren.<\/p>\n<p>Alle bekannten Fluggesellschaften stellen <strong>eine Geb\u00fchr in Rechnung<\/strong> wenn man \u00fcber eine Kredit Karte zahlt. Derzeit haben auch Australiens Fluggesellschaften wie Qantas und Jetstar die Flug-Buchung \u00fcber Bank\u00fcberweisung erm\u00f6glicht, (jedoch nur von \u00f6rtlichen Bank-Verbindungen) dazu spart man sich die \u00fcblichen 7-10 AUD f\u00fcr Zahlung mit Kredit Karte.<\/p>\n<p>Das gleiche gilt f\u00fcr checked-in Gep\u00e4ck. <strong>Billigfluglinien<\/strong> stellen 10-20 AUD f\u00fcr jedes Gep\u00e4ck-St\u00fcck dass eincheckt wird. Bei Virgin, Qantas-Fl\u00fcgen ist 1 St. Gep\u00e4ck (eingecheckt) normalerweise im Flug-Preis mitenthalten. Es ist jedoch ratsam, sich \u00fcber alle Tarife und aktuelle Ticket-Konditionen vor der Online Buchung zu erk\u00fcndigen, um \u00dcberraschungen zu meiden.<\/p>\n<h3>Gep\u00e4ckgewicht Inlandsfl\u00fcge Australien<\/h3>\n<p>Bei einigen Fl\u00fcgen ist generell ein Freigep\u00e4ck normalerweise als Handgep\u00e4ck mit-enthalten. Und hierunter finden Sie eine detallierte Liste von den einzelnen Airlines in Australien.<\/p>\n<p>Wenn Sie mehr dar\u00fcber erfahren m\u00f6chten, die sogennanten &#8220;<a href=\"https:\/\/www.staging.rockytravel.net\/blog\/baggage-allowance-australia\/\">Baggage Allowance<\/a>&#8221; (Artikel ist auf Englisch), hier ist ein detallierter Bericht \u00fcber das Gep\u00e4ckgewichtslimit mit mehr <a href=\"https:\/\/www.staging.rockytravel.net\/de\/flug-australien\/\">Infos \u00fcber Fl\u00fcge nach Australien<\/a>.<\/p>\n<h2>Alle Australien Airlines und Fluglinien auf einen Blick<\/h2>\n<p>Wenn Sie einen \u00dcberblick haben m\u00f6chten mit welchen Fluggesellschaft in Australian innerhalb das Land Down Under fliegen wollen, hier ist eine Zusammenstellung aller einheimischen Airlines.<\/p>\n<h3>Qantas<\/h3>\n<p>Qantas ist die gr\u00f6\u00dfte Fluglinie in Australien, die internationale sowe regionale Fl\u00fcge in Kooperation mit Emirates anbietet, d.h. wenn Sie Ihre Australien Flug \u00fcber Emirates buchen, d\u00fcrfen Sie auch mehrere Inlandsstrecke unter einer einzigen Buchung vornehmen. Wenn Sie einen preiswerten inlandsflug bei Qantas buchen will, muss man auf die Angebote\u00a0 warten, diese werden regelm\u00e4ssig zwischen 2-4 Monaten im voraus auf deren Website ver\u00f6ffentlicht.<\/p>\n<h3>Jetstar Airways<\/h3>\n<p>Jetstar Airways ist eine Tochtergesellschaft von Qantas und bietet preiswerte Fl\u00fcge innerhalb Australien und New Seeland.<\/p>\n<p>Dar\u00fcber hinaus wird Jetstar, ab M\u00e4rz 2020, <a href=\"https:\/\/www.abc.net.au\/news\/2019-10-04\/jetstar-announces-melbourne-to-busselton-flights\/11574332\" target=\"_blank\" rel=\"noopener noreferrer\">direkte Inlandsfl\u00fcge von Melbourne nach Busselton<\/a> West Coast eingef\u00fchrt, zum billigem Preis von weniger als 200 AUD. Busselton liegt ca. 220 km s\u00fcdlich von Perth und ca. 50 km n\u00f6rdlich von der <a href=\"https:\/\/www.staging.rockytravel.net\/blog\/exploring-the-margaret-river-region\/\" target=\"_blank\" rel=\"noopener noreferrer\">Margaret River Region<\/a>.<\/p>\n<p>Es gibt auch <strong>Jetstar Asia f\u00fcr Fl\u00fcge<\/strong> nach Singapur und Jetstar Pacific f\u00fcr Fl\u00fcge in weitere S\u00fcd-Ost Asien Destinationen, falls Sie eine Reise von S\u00fcd-Ost Asien nach Australien planen. Man darf auch Emirates oder Qantas-Fl\u00fcge \u00fcber Jetstar-Fl\u00fcge zusammen buchen, wobei meistens das Gep\u00e4ck separat eingecheckt werden muss beim Weiterflug, also es gibt kein &#8220;through-check-baggage&#8221;.<\/p>\n<p>NEU: Jetstar hat neulich 7+7 kg Hand-Gep\u00e4ck Angebot eingef\u00fchrt. D.H. Sie d\u00fcrfen mit 7 kg freies Handgep\u00e4ck fliegen, aber wenn man Ihr Gep\u00e4ck \u00fcber diese Gewichtsgrenze hinaus geht, dann k\u00f6nnen Sie f\u00fcr einen Preis von ca. 40 AUD zus\u00e4tzlichen 7 kg dazu kaufen.<\/p>\n<h3>Virgin Australia<\/h3>\n<p>Nach Qantas Virgin Australia mit Sitz in Brisbane, ist die zweit-gr\u00f6\u00dfte Fluggesellschaft in Australien. In den letzen Jahren ist Virgin die beliebteste Airline unten den Australiens. Genauso wie Qantas, Virgin Australia kooperiert with anderen internationalen Fluglinien wie Etihad, Singapore. Wenn Sie Flug-Meilen sammeln Virgin Australia hat mehreren Frequent Flyer Parterns wie\u00a0 Delta, Air Canada, Hong Kong Airlines, Etihad and Singapore Airlines.<\/p>\n<h3>Tiger Airways<\/h3>\n<p>Tiger Airways ist die Billigfluglinien, die zu Virgin Australia geh\u00f6rt. Diese bietet sehr g\u00fcnstige Fl\u00fcge, jedoch die meisten sind nur mit Hand-Gep\u00e4ck m\u00f6glich, und f\u00fcr eingecheckten Baggage bel\u00e4uft sich das genehmighte Gewicht bei 15 kg. Daher aufpassen auf diese Konditionen, wenn man einen Inlangsflug \u00fcber Tiger Airways buchen will. Tiger Airways fliegt von allen gr\u00f6\u00dften sowie regionalen Flug\u00e4fen wie Gold Coast, Cairns on the Ostk\u00fcste.<\/p>\n<h3>Weitere regionalen Fluglinien in Australien<\/h3>\n<p>Wenn Sie in den Outback fliegen oder in regional Nord oder S\u00fcd Western Australien, dann l\u00e4uft der Regionalflugverkehr \u00fcber diese kleineren Fluglinien:<\/p>\n<p><strong>Regional Express (REX)<br \/>\n<\/strong><br \/>\nFlugh\u00e4fen: Perth, Albany (W.A.) Adelaide, Mount Gambier, Port Lincoln, Whyalla (S.A.), Sydney, Wagga Wagga, Albury (N.S.W.)<\/p>\n<p><strong>Airnorth Regional<br \/>\n<\/strong><br \/>\nFlugh\u00e4fen: Perth, Broome, Kununurra, Karratha (W.A), Darwin (N.T.)\u00a0 Adelaide, Mount Gambier, Port Lincoln, Whyalla (S.A.), Sydney, Wagga Wagga, Albury (N.S.W.), Cairns ( QL).<\/p>\n<h3>ReiseTipps und Ressources f\u00fcr Ihren Urlaub in Australien<\/h3>\n<p>Hierunter finden Sie eine Liste von anderen Pages, die Ihnen beim Reise Planen serh hilfreich sein werden. Klicken Sie auf die einzigen Links, oder auf der Ikone. Und vergessen Sie nicht sich das Buch zu holen.<\/p>\n<p><a href=\"https:\/\/www.staging.rockytravel.net\/de\/beste-reiseseiten-billigreisen\/\" rel=\"noopener noreferrer\">Die Besten Reiseseiten Zum Billgreisen<\/a><\/p>\n<p style=\"text-align: center;\"><div class=\"tb_layout_part_wrap tf_w\">\n<!--themify_builder_content-->\n    <div  class=\"themify_builder_content themify_builder_content-18854 themify_builder not_editable_builder\" data-postid=\"18854\">\n                        <div  data-lazy=\"1\" class=\"module_row themify_builder_row tb_j40a036 tb_first tf_w\">\n                        <div class=\"row_inner col_align_top gutter-none tb_col_count_4 tf_box tf_rel\">\n                        <div  data-lazy=\"1\" class=\"module_column tb-column col4-1 tb_g2zi058 first\">\n                    <!-- module feature -->\n<div  class=\"module module-feature tb_9ql5500 with-chart layout-icon-top size-small \" data-layout-mobile=\"icon-top\" data-layout-desktop=\"icon-top\" data-lazy=\"1\">\n        <div class=\"module-feature-image tf_textc tf_rel\">\n                            <span class=\"module-feature-chart-html5 tf_box tf_rel tf_inline_b\">\n                                    <svg class=\"tf_abs tf_w tf_h\">\n                    <circle class=\"tb_feature_fill\" r=\"calc(50% - 1.00px)\" cx=\"50%\" cy=\"50%\" stroke-width=\"2\"\/>\n                    <circle class=\"tb_feature_stroke\" r=\"calc(50% - 1.00px)\" cx=\"50%\" cy=\"50%\" stroke=\"#df3e1f\" stroke-width=\"2\" data-progress=\"100\" stroke-dasharray=\"0,10000\"\/>\n                                            <circle class=\"tb_feature_bg\" r=\"calc(50% - 1px)\" cx=\"50%\" cy=\"50%\" stroke-width=\"2\" fill=\"#3969c9\" \/>\n                                        <\/svg>\n                                <span class=\"chart-html5-circle tf_w tf_h\">\n                                            <em class=\"module-feature-icon tf_rel\" style=\"color:#f7f7f7\"><svg  class=\"tf_fa tf-fas-book-open\" aria-hidden=\"true\"><use href=\"#tf-fas-book-open\"><\/use><\/svg><\/em>\n                                    <\/span>\n\n                \n            <\/span>\n                <\/div>\n    <div class=\"module-feature-content tf_textc\">\n                <div class=\"tb_text_wrap\">\n            <p style=\"text-align: center\"><a href=\"https:\/\/www.rockytravel.net\/australia-guide-book\/\">Australien Reisef\u00fchrer<\/a><\/p>        <\/div>\n    <\/div>\n<\/div>\n<!-- \/module feature -->\n        <\/div>\n                    <div  data-lazy=\"1\" class=\"module_column tb-column col4-1 tb_4ssv109\">\n                    <!-- module feature -->\n<div  class=\"module module-feature tb_hfsl112 with-chart layout-icon-top size-small \" data-layout-mobile=\"icon-top\" data-layout-desktop=\"icon-top\" data-lazy=\"1\">\n        <div class=\"module-feature-image tf_textc tf_rel\">\n                            <span class=\"module-feature-chart-html5 tf_box tf_rel tf_inline_b\">\n                                    <svg class=\"tf_abs tf_w tf_h\">\n                    <circle class=\"tb_feature_fill\" r=\"calc(50% - 1.00px)\" cx=\"50%\" cy=\"50%\" stroke-width=\"2\"\/>\n                    <circle class=\"tb_feature_stroke\" r=\"calc(50% - 1.00px)\" cx=\"50%\" cy=\"50%\" stroke=\"#df3e1f\" stroke-width=\"2\" data-progress=\"100\" stroke-dasharray=\"0,10000\"\/>\n                                            <circle class=\"tb_feature_bg\" r=\"calc(50% - 1px)\" cx=\"50%\" cy=\"50%\" stroke-width=\"2\" fill=\"#3969c9\" \/>\n                                        <\/svg>\n                                <span class=\"chart-html5-circle tf_w tf_h\">\n                                            <em class=\"module-feature-icon tf_rel\" style=\"color:#f7f7f7\"><svg  class=\"tf_fa tf-fas-users\" aria-hidden=\"true\"><use href=\"#tf-fas-users\"><\/use><\/svg><\/em>\n                                    <\/span>\n\n                \n            <\/span>\n                <\/div>\n    <div class=\"module-feature-content tf_textc\">\n                <div class=\"tb_text_wrap\">\n            <p style=\"text-align: center\"><a href=\"https:\/\/www.rockytravel.net\/de\/reiseberatung-australien\/\" rel=\"noopener\">Reise Beratung AUS<\/a><\/p>        <\/div>\n    <\/div>\n<\/div>\n<!-- \/module feature -->\n        <\/div>\n                    <div  data-lazy=\"1\" class=\"module_column tb-column col4-1 tb_6s67055\">\n                    <!-- module feature -->\n<div  class=\"module module-feature tb_eh9d910 with-chart layout-icon-top size-small \" data-layout-mobile=\"icon-top\" data-layout-desktop=\"icon-top\" data-lazy=\"1\">\n        <div class=\"module-feature-image tf_textc tf_rel\">\n                            <span class=\"module-feature-chart-html5 tf_box tf_rel tf_inline_b\">\n                                    <svg class=\"tf_abs tf_w tf_h\">\n                    <circle class=\"tb_feature_fill\" r=\"calc(50% - 1.00px)\" cx=\"50%\" cy=\"50%\" stroke-width=\"2\"\/>\n                    <circle class=\"tb_feature_stroke\" r=\"calc(50% - 1.00px)\" cx=\"50%\" cy=\"50%\" stroke=\"#df3e1f\" stroke-width=\"2\" data-progress=\"100\" stroke-dasharray=\"0,10000\"\/>\n                                            <circle class=\"tb_feature_bg\" r=\"calc(50% - 1px)\" cx=\"50%\" cy=\"50%\" stroke-width=\"2\" fill=\"#3969c9\" \/>\n                                        <\/svg>\n                                <span class=\"chart-html5-circle tf_w tf_h\">\n                                            <em class=\"module-feature-icon tf_rel\" style=\"color:#f7f7f7\"><svg  class=\"tf_fa tf-fas-shuttle-van\" aria-hidden=\"true\"><use href=\"#tf-fas-shuttle-van\"><\/use><\/svg><\/em>\n                                    <\/span>\n\n                \n            <\/span>\n                <\/div>\n    <div class=\"module-feature-content tf_textc\">\n                <div class=\"tb_text_wrap\">\n            <p style=\"text-align: center\"><a href=\"https:\/\/www.rockytravel.net\/solo-travel-tours-over-50-seniors-australia\/\">Australien Tours 50+<\/a><\/p>        <\/div>\n    <\/div>\n<\/div>\n<!-- \/module feature -->\n        <\/div>\n                    <div  data-lazy=\"1\" class=\"module_column tb-column col4-1 tb_b3o5011 last\">\n                    <!-- module feature -->\n<div  class=\"module module-feature tb_bm3r505 with-chart layout-icon-top size-small \" data-layout-mobile=\"icon-top\" data-layout-desktop=\"icon-top\" data-lazy=\"1\">\n        <div class=\"module-feature-image tf_textc tf_rel\">\n                            <span class=\"module-feature-chart-html5 tf_box tf_rel tf_inline_b\">\n                                    <svg class=\"tf_abs tf_w tf_h\">\n                    <circle class=\"tb_feature_fill\" r=\"calc(50% - 1.00px)\" cx=\"50%\" cy=\"50%\" stroke-width=\"2\"\/>\n                    <circle class=\"tb_feature_stroke\" r=\"calc(50% - 1.00px)\" cx=\"50%\" cy=\"50%\" stroke=\"#df3e1f\" stroke-width=\"2\" data-progress=\"100\" stroke-dasharray=\"0,10000\"\/>\n                                            <circle class=\"tb_feature_bg\" r=\"calc(50% - 1px)\" cx=\"50%\" cy=\"50%\" stroke-width=\"2\" fill=\"#3969c9\" \/>\n                                        <\/svg>\n                                <span class=\"chart-html5-circle tf_w tf_h\">\n                                            <em class=\"module-feature-icon tf_rel\" style=\"color:#f7f7f7\"><svg  class=\"tf_fa tf-fas-car\" aria-hidden=\"true\"><use href=\"#tf-fas-car\"><\/use><\/svg><\/em>\n                                    <\/span>\n\n                \n            <\/span>\n                <\/div>\n    <div class=\"module-feature-content tf_textc\">\n                <div class=\"tb_text_wrap\">\n            <p style=\"text-align: center\"><a href=\"https:\/\/www.rockytravel.net\/campervan-rental-in-australia\/\">Campervans in Australien<\/a><\/p>        <\/div>\n    <\/div>\n<\/div>\n<!-- \/module feature -->\n        <\/div>\n                        <\/div>\n        <\/div>\n            <\/div>\n<!--\/themify_builder_content-->\n<\/div>\n<\/p>\n<p><em>Letzte Aktualisierung der Page January 2020<br \/>\n<\/em><\/p>\n<!--themify_builder_content-->\n<div id=\"themify_builder_content-2008\" data-postid=\"2008\" class=\"themify_builder_content themify_builder_content-2008 themify_builder tf_clear\">\n    <\/div>\n<!--\/themify_builder_content-->\n","protected":false},"excerpt":{"rendered":"<p>Wie man g\u00fcnstige Inlandsfl\u00fcge Australien findet und bucht Wenn es darum geht, g\u00fcnstige Inlandsfl\u00fcge Australien zu finden gibt es viele gute Online Suchmachinen, welche Preisvergleiche f\u00fcr Fluege innerhalb Australien liefern. Diese Webseiten st\u00f6bern die gr\u00f6\u00dften Reisen-Suchmachinen im Internet durch, um die aktuellsten Angebote an Inlandsfl\u00fcge Australien zuzustellen. Bevor man ins Detail die einzelnen Webseiten durchgeht, [&hellip;]<\/p>\n","protected":false},"author":1,"featured_media":0,"parent":0,"menu_order":0,"comment_status":"open","ping_status":"open","template":"","meta":{"_seopress_robots_primary_cat":"","_seopress_titles_title":"Wie man g\u00fcnstige Inlandsfl\u00fcge Australien findet und bucht","_seopress_titles_desc":"G\u00fcnstige Inlandsfl\u00fcge Australien auf einen Blick. Hier lernen Sie wie man preiswerte Fl\u00fcge innerhalb Australien findet und bucht.","_seopress_robots_index":"","footnotes":""},"class_list":["post-2008","page","type-page","status-publish","hentry","has-post-title","has-post-date","has-post-category","has-post-tag","has-post-comment","has-post-author",""],"_links":{"self":[{"href":"https:\/\/www.staging.rockytravel.net\/de\/wp-json\/wp\/v2\/pages\/2008","targetHints":{"allow":["GET"]}}],"collection":[{"href":"https:\/\/www.staging.rockytravel.net\/de\/wp-json\/wp\/v2\/pages"}],"about":[{"href":"https:\/\/www.staging.rockytravel.net\/de\/wp-json\/wp\/v2\/types\/page"}],"author":[{"embeddable":true,"href":"https:\/\/www.staging.rockytravel.net\/de\/wp-json\/wp\/v2\/users\/1"}],"replies":[{"embeddable":true,"href":"https:\/\/www.staging.rockytravel.net\/de\/wp-json\/wp\/v2\/comments?post=2008"}],"version-history":[{"count":10,"href":"https:\/\/www.staging.rockytravel.net\/de\/wp-json\/wp\/v2\/pages\/2008\/revisions"}],"predecessor-version":[{"id":1033640,"href":"https:\/\/www.staging.rockytravel.net\/de\/wp-json\/wp\/v2\/pages\/2008\/revisions\/1033640"}],"wp:attachment":[{"href":"https:\/\/www.staging.rockytravel.net\/de\/wp-json\/wp\/v2\/media?parent=2008"}],"curies":[{"name":"wp","href":"https:\/\/api.w.org\/{rel}","templated":true}]}}