{"id":1943,"date":"2020-01-09T11:20:49","date_gmt":"2020-01-09T10:20:49","guid":{"rendered":"https:\/\/www.staging.rockytravel.net\/?page_id=1943"},"modified":"2021-01-02T18:41:07","modified_gmt":"2021-01-02T17:41:07","slug":"voli-australia","status":"publish","type":"page","link":"https:\/\/www.staging.rockytravel.net\/it\/voli-australia\/","title":{"rendered":"Come Trovare Offerte Voli Per Australia"},"content":{"rendered":"<p style=\"text-align: left;\"><span class=\"blue_bold\">Principale fattore chiave per il vostro <a href=\"https:\/\/www.staging.rockytravel.net\/it\/viaggio-in-australia\/\"><strong>viaggio in Australia<\/strong><\/a> \u00e8 trovare voli economici per <\/span><span class=\"blue_bold\">Australia. <\/span>Ci\u00f2 dipende molto da quale citt\u00e0 partite, quanto siete flessibili sia nelle date che nelle destinazioni e anche\u00a0 dall&#8217; itinerario. Sommando questi elementi il prezzo per un volo in Australia pu\u00f2 variare notevolmente.<\/p>\n<p><strong>Ma quanto costa un volo per l&#8217;Australia?<\/strong><\/p>\n<p style=\"text-align: left;\">Considerate che il costo del volo varia da ca 1000 Euro (in bassa stagione) a 1500 Euro (in alta stagione) Questo prezzo rappresenta circa un terzo della spesa complessiva di un viaggio di durata media di 3-4 settimane. Quindi \u00e8 bene cominciare molto presto ad informarsi, a confrontare voli Australia di diverse companie aeree per riuscire a <span class=\"blue_bold\">trovare delle buone tariffe e <strong>offerte voli Australia<\/strong><\/span>.<\/p>\n<p style=\"text-align: center;\"><img loading=\"lazy\" decoding=\"async\" class=\"aligncenter wp-image-30553\" src=\"https:\/\/www.staging.rockytravel.net\/wp-content\/uploads\/2010\/08\/Flying-to-Australia-Cheap-Flights.jpg\" alt=\"Voli Economici per Australia\" width=\"606\" height=\"405\" srcset=\"https:\/\/www.staging.rockytravel.net\/wp-content\/uploads\/2010\/08\/Flying-to-Australia-Cheap-Flights.jpg 640w, https:\/\/www.staging.rockytravel.net\/wp-content\/uploads\/2010\/08\/Flying-to-Australia-Cheap-Flights-300x201.jpg 300w\" sizes=\"auto, (max-width: 606px) 100vw, 606px\" \/><\/p>\n<h2>Come trovare i migliori voli per Australia<\/h2>\n<p><span class=\"blue_bold\"><a href=\"https:\/\/www.staging.rockytravel.net\/it\/australia-destinazioni-viaggio\/\" target=\"_blank\" rel=\"noopener noreferrer\">La destinazione del volo per l&#8217;Australia<\/a> va scelta sicuramente in base all&#8217;<a href=\"https:\/\/www.staging.rockytravel.net\/it\/itinerari-viaggio-australia\/\">itinerario <\/a><\/span>che si \u00e8 impostato e deve chiaramente considerare alcuni aspetti: per primo la citt\u00e0 pi\u00f9 grande e vicina alla zona dove trascorrerete la maggior parte del tempo.<\/p>\n<p>Se invece avete incluso pi\u00f9 regioni da visitare <a href=\"https:\/\/www.staging.rockytravel.net\/it\/trova-voli-interni-australia\/\">collegando pi\u00f9 destinazioni con voli interni<\/a>, allora la cosa migliore \u00e8 fissare un aeroporto di arrivo e uno di ritorno. Per esempio potete prenotare il vostro volo da Milano a Sydney per poi ripartire con un volo da Perth a Milano. In quel caso, \u00e8 bene impostare la ricerca e alerts solo su voli per Sydney di modo che si escludono tutte le altre ricerche.<\/p>\n<p>Se il vostro <a href=\"https:\/\/www.staging.rockytravel.net\/it\/itinerari-viaggio-australia\/\">itinerario viaggio in Australia<\/a> vi porta a visitare delle zone molto lontane rispetto al punto di arrivo, \u00e8 opportuno valutare anche ricerche come per esempio, voli per Melbourne, voli per Perth, voli per Brisbane, a seconda dell&#8217;itinerario che avete in mente.<\/p>\n<p>A volte per\u00f2 pu\u00f2 essere<span class=\"blue_bold\"> conveniente prenotare l&#8217;andata e il ritorno dalla stessa citt\u00e0.<\/span> In quel caso sar\u00e0 opportuno costruire un itinerario di viaggio in base a questa costellazione, considerando il cosidetto viaggio in loop, ossia con rientro dall&#8217;Australia dallo stesso aeroporto di arrivo.<\/p>\n<h2>Quando acquistare voli economici Australia<\/h2>\n<p><span class=\"blue_bold\"><strong>Ma qual&#8217;\u00e9 il periodo pi\u00f9 economico per andare in Australia?<\/strong><\/span><\/p>\n<p>Un altro fattore che pu\u00f2 influenzare la destinazione dei voli \u00e8 senz&#8217;altro il tempo a disposizione e il periodo prescelto. Generalmente da ottobre a giugno \u00e8 il periodo pi\u00f9 economico per visitare l&#8217;Australia meridionale\u00a0 e le citt\u00e0 come Melbourne, Adelaide, Sydney. Da Giugno a Settembre invece \u00e8 il periodo migliore per trovare <strong>voli Australia low-cost<\/strong>.<\/p>\n<p>Ma ancora una volta dipende dalla destinazione in Australia. Per l&#8217; Australia tropicale, ossia tutta la parte settentrionale dell&#8217;Australia, il cosidetto Top End, che va da Darwin a Cairns e le regioni sottostanti, saranno invece i mesi da Maggio a Settembre ad essere i pi\u00f9 frequentati. Dunque, in questo periodo i costi per voli diretti Italia Darwin o Italia Cairns saranno pi\u00f9 cari rispetto ad altri mesi.<\/p>\n<p>Dicembre e tutto il periodo da Natale all&#8217;Anno Nuovo \u00e8 il periodo pi\u00f9 caro in assoluto, e possibilmente da evitare. Se proprio non potete viaggiare in altro periodo, allora \u00e8 bene prenotare il volo Australia perlomeno con 6-10 mesi prima per evitare di pagare anche 60-80% in pi\u00f9 rispetto alla tariffa normale.<\/p>\n<p>Vi raccomando di visitare l&#8217;Australia in un periodo pi\u00f9 tranquillo dell&#8217;anno. I mesi migliori sono da marzo a maggio e da settembre a novembre. In questi mesi si spende molto meno che in alta stagione, con il vantaggio di poter godere l&#8217;Australia molto meno affollata. E&#8217; sicuramente anche il periodo migliore per trovare ottime offerte v<span class=\"blue_bold\">oli Australia.<\/span><\/p>\n<p>A questa pagina trovate maggiori informazioni su <strong><a href=\"https:\/\/www.staging.rockytravel.net\/blog\/best-time-to-visit-australia\/\" target=\"_blank\" rel=\"noopener noreferrer\">quando \u00e8 meglio fare un viaggio in Australia <\/a><\/strong>(lingua inglese).<\/p>\n<h2>Voli Italia Australia &#8211; Con quali compagnie aeree?<\/h2>\n<p>Dall&#8217;Europa e dall&#8217;Italia ci sono diverse compagnie aeree che volano in Australia. Fra tutte ci sono alcune che hanno ottenuto un ottima valutazione dai viaggiatori per il rapporto prezzo\/qualit\u00e0 del volo.<\/p>\n<p>Eccovi qui elencate alcune delle <span class=\"blue_bold\">pi\u00f9 rinomate companie aeree <\/span>che offrono le migliori offerte<span class=\"blue_bold\"> voli\u00a0 per l&#8217;Australia. Per l&#8217;Europa sicuramente le migliori compagnie sono Emirates, Qatar, Etihad e Singapore Airlines. <\/span><\/p>\n<p><span class=\"blue_bold\">Consiglio <strong>Emirates<\/strong> e <strong>Qatar Airways<\/strong> per voli economici Sydney, ma anche per Perth e Melbourne. Queste compagnie offrono voli di buona qualit\u00e0 a prezzi molto competitivi. Avendo fatto un&#8217;indagine recentemente Qatar Airway batte Emirates sui voli Australia dall&#8217;Italia e Europa Centrale. <\/span><\/p>\n<p><span class=\"blue_bold\">Ecco i link per le\u00a0 singole compagnie aeree.<\/span><\/p>\n<p><strong>&gt;&gt;<\/strong> <a href=\"https:\/\/www.dpbolvw.net\/click-3800591-10471873\/\" target=\"_blank\" rel=\"nofollow noopener noreferrer\"><span style=\"text-decoration: underline;\"><strong>Emirates <\/strong><\/span><\/a>la pi\u00f9 conosciuta per voli in Australia con il maggior numero di aeroporti in Australia.<\/p>\n<p><strong>&gt;&gt;<\/strong> <a href=\"https:\/\/www.anrdoezrs.net\/j1108qgpmgo37C449D53555CA9C9\" target=\"_blank\" rel=\"nofollow noopener noreferrer\"><span style=\"text-decoration: underline;\"><strong>Qatar Airways<\/strong><\/span><\/a> sicuramente la compagnia con il pi\u00f9 alto livello di qualit\u00e0 prezzo.<\/p>\n<p><strong>&gt;&gt; <\/strong><a href=\"https:\/\/prf.hn\/l\/6knbLbr\" target=\"_blank\" rel=\"nofollow noopener norefferer noreferrer\"><span style=\"text-decoration: underline;\"><strong>Etihad Airways <\/strong><\/span><\/a>&#8211; ha le tariffe pi\u00f9 economiche ma con tariffe per cambi date voli fra le pi\u00f9 alte.<\/p>\n<p><strong>Singapore Airlines<\/strong> &#8211; circa 20% pi\u00f9 cara rispetto alle altre, ma con voli in classe economy di qualit\u00e0.<\/p>\n<p><span class=\"blue_bold\"><strong>Qantas<\/strong> &#8211; la compagnia Australiana <\/span>chiamata anche &#8220;the flying kangaroo&#8221; \u00e8 in grado di offrire la migliore offerta di voli per l&#8217;Australia in termini di flessibilit\u00e0, soprattutto dagli USA.<\/p>\n<h2>Come Trovare Online Voli economici per l&#8217;Australia<\/h2>\n<p>Secondo una recente stima <span class=\"blue_bold\">solo il 30% dei viaggiatori cerca, confronta e prenota voli per l&#8217;Australia online<\/span>. Ma pi\u00f9 di 2 terzi si rivolge ad un agenzia di viaggi e affida loro il compito di trovare la migliore offerta di volo oppure di prenotare un pacchetto di viaggio. Anche se pu\u00f2 sembrare pi\u00f9 comodo affidare la ricerca di voli e itinerari per l&#8217;Australia, in realt\u00e0 la spesa alla fine \u00e8 maggiore, con un ricarico del 20-25%, sull&#8217;intera somma investita nel viaggio.<\/p>\n<p><strong><span class=\"blue_bold\">Consiglio: fate la rircerca di Voli Australia da soli<\/span><\/strong><\/p>\n<p>Per un viaggio Australia fai da te, iniziate una ricerca in internet consultando i vari motori di ricerca pi\u00f9 noti e affidabili. C&#8217;\u00e8 bisogno di tempo, ma si possono trovare ottime offerte, anzi a volte migliori di quello che un&#8217;agenzia vi pu\u00f2 offrire. Su Rocky Travel trovate un elenco di tutti i migliori siti dai quali ricercare e prenotare voli Australia low cost.<\/p>\n<h2>Che Siti Voli Economici confrontare per Australia<\/h2>\n<p>Queste sono i 4 siti di voli economici da usare per la comparazione di prezzi e condizioni. Questi sono i siti pi\u00f9 usati e affidabili in termini di prezzi e risultati real-time.<\/p>\n<h3>Momondo<\/h3>\n<p><strong><span style=\"text-decoration: underline;\">Momondo<\/span><\/strong> \u00e8 fra tutte la piattforma pi\u00f9 &#8220;user-friendly&#8221; che si possa trovare in internet. Molto intuitiva e facile da usare, questo sito di ricerca e comparazione voli mostra su di una unica finestra tutti i dati della ricerca. Un semplice chart a barre con i prezzi e i giorni con i voli pi\u00f9 cari e i voli pi\u00f9 economici, baster\u00e0 cliccare su di una barra per scegliere quale data e ottenere una lista di offerte per le date prescelte.<\/p>\n<h3>Skyscanner<\/h3>\n<p><a href=\"https:\/\/www.jdoqocy.com\/t270uoxuowBFKCCHLDBDCIFLFGK\" target=\"_blank\" rel=\"nofollow noopener noreferrer\"><strong><span style=\"text-decoration: underline;\">Skyscanner<\/span><\/strong><\/a>: similarmente a Momondo, Skyscanner \u00e8 un&#8217;altro ottimo sito per trovare voli economici per l&#8217;Australia. Utilizza i charts mensili che si possono cliccare dalla TAB principale. Consiglio di usarlo assime a Momondo per fare ricerche voli incrociate.<\/p>\n<p>Questa qui sotto \u00e8 la casella di ricerca dove potete inserire le date per tovare le offerte di <strong>Voli Australia su Skyscanner.<\/strong><\/p>\n<p><strong>Google Flights<\/strong> immagino che gi\u00e0 ne conosciate l&#8217;esistenza, \u00e8 un ottimo strumento per fare una veloce ricerca incrociate parallela alle altre piattaforme. Aggrega tutti i voli su di una finestra mensile con facili colori di identificazione come rosso, blue e verde per distinguere i giorni con prezzi voli pi\u00f9 alti rispetto a quelli blue e verdi per i meno cari.<\/p>\n<h3>Kiwi<\/h3>\n<p><a href=\"https:\/\/www.kiwi.com\/deep?affilid=rockytravel\" target=\"_blank\" rel=\"nofollow noopener noreferrer\"><strong>Kiwi Flights<\/strong><\/a> \u00e8 meno conosciuta rispetto ad altre, ma offre pi\u00f9 strumenti e funzionalit\u00e0 nella ricerca. Si pu\u00f2 costruire diverse combinazioni di voli utilizzando il loro charts che mostrano i voli pi\u00f9 economici con date e destinazioni. Kiwi non \u00e8 un semplice sito per trovare voli, \u00e8 una OTA (online travel agent) ossia se prenotate attraverso il loro sito, potrete usufruire dei loro servizi (inclusi nel prezzo del volo) per il check-in fatto da loro, la supervisione dello stato del volo, gli alerts e anche la garanzia della connessione con altri voli e stopovers.<\/p>\n<h3>Quali Aeroporti Australiani<\/h3>\n<p>A questo link trovate un utile sito internet con tutti i collegamenti degli <a href=\"https:\/\/airport.globefeed.com\/Australia_Nearest_Airport.asp\" target=\"_blank\" rel=\"nofollow noopener noreferrer\">aeroporti della citt\u00e0 Australiane<\/a>. Da questo sito \u00e8 possibile controllare in qualsiasi momento l&#8217;orario del volo o il volo di connessione per la vostra destinazione finale.<\/p>\n<p>Consiglio vivamente di usare Melbourne o Sydney come aeroporti di arrivo per il Sud Australia, Brisbane se il viaggio \u00e8 impostato verso l&#8217;Australia Tropicale e il Queensland, Perth per il Western Australia.<\/p>\n<p><a title=\"Trova Voli Interni Australia\" href=\"https:\/\/www.staging.rockytravel.net\/it\/trova-voli-interni-australia\/\" target=\"_blank\" rel=\"noopener noreferrer\">Vai a Offerte Voli Interni Australia<\/a><\/p>\n<p><a href=\"https:\/\/www.staging.rockytravel.net\/it\/siti-viaggi-economici\/\" target=\"_blank\" rel=\"noopener noreferrer\">Lista Siti Viaggi Economici\u00a0 <\/a><\/p>\n<p><a href=\"https:\/\/www.staging.rockytravel.net\/it\/trova-alloggio-in-australia\/\" target=\"_blank\" rel=\"noopener noreferrer\">Trova alloggio in Australia<\/a><\/p>\n<p><a href=\"https:\/\/www.staging.rockytravel.net\/it\/australia-destinazioni-viaggio\/\" target=\"_blank\" rel=\"noopener noreferrer\">Cosa vedere in Australia<\/a><\/p>\n<p>Aggiornato in Gen 2020<\/p>\n<p style=\"text-align: center;\"><div class=\"tb_layout_part_wrap tf_w\">\n<!--themify_builder_content-->\n    <div  class=\"themify_builder_content themify_builder_content-18851 themify_builder not_editable_builder\" data-postid=\"18851\">\n                        <div  data-lazy=\"1\" class=\"module_row themify_builder_row tb_4t4n040 tb_first tf_w\">\n                        <div class=\"row_inner col_align_top gutter-none tb_col_count_4 tf_box tf_rel\">\n                        <div  data-lazy=\"1\" class=\"module_column tb-column col4-1 tb_mlnv484 first\">\n                    <!-- module feature -->\n<div  class=\"module module-feature tb_x5qb020 with-chart layout-icon-top size-small \" data-layout-mobile=\"icon-top\" data-layout-desktop=\"icon-top\" data-lazy=\"1\">\n        <div class=\"module-feature-image tf_textc tf_rel\">\n                            <span class=\"module-feature-chart-html5 tf_box tf_rel tf_inline_b\">\n                                    <svg class=\"tf_abs tf_w tf_h\">\n                    <circle class=\"tb_feature_fill\" r=\"calc(50% - 1.00px)\" cx=\"50%\" cy=\"50%\" stroke-width=\"2\"\/>\n                    <circle class=\"tb_feature_stroke\" r=\"calc(50% - 1.00px)\" cx=\"50%\" cy=\"50%\" stroke=\"#df3e1f\" stroke-width=\"2\" data-progress=\"100\" stroke-dasharray=\"0,10000\"\/>\n                                            <circle class=\"tb_feature_bg\" r=\"calc(50% - 1px)\" cx=\"50%\" cy=\"50%\" stroke-width=\"2\" fill=\"#3969c9\" \/>\n                                        <\/svg>\n                                <span class=\"chart-html5-circle tf_w tf_h\">\n                                            <em class=\"module-feature-icon tf_rel\" style=\"color:#f7f7f7\"><svg  class=\"tf_fa tf-fas-book-open\" aria-hidden=\"true\"><use href=\"#tf-fas-book-open\"><\/use><\/svg><\/em>\n                                    <\/span>\n\n                \n            <\/span>\n                <\/div>\n    <div class=\"module-feature-content tf_textc\">\n                <div class=\"tb_text_wrap\">\n            <p style=\"text-align: center\"><a href=\"https:\/\/www.rockytravel.net\/australia-guide-book\/\" data-wplink-edit=\"true\">Guida Australia ebook <\/a><\/p>        <\/div>\n    <\/div>\n<\/div>\n<!-- \/module feature -->\n        <\/div>\n                    <div  data-lazy=\"1\" class=\"module_column tb-column col4-1 tb_ffmz110\">\n                    <!-- module feature -->\n<div  class=\"module module-feature tb_vq6k404 with-chart layout-icon-top size-small \" data-layout-mobile=\"icon-top\" data-layout-desktop=\"icon-top\" data-lazy=\"1\">\n        <div class=\"module-feature-image tf_textc tf_rel\">\n                            <span class=\"module-feature-chart-html5 tf_box tf_rel tf_inline_b\">\n                                    <svg class=\"tf_abs tf_w tf_h\">\n                    <circle class=\"tb_feature_fill\" r=\"calc(50% - 1.00px)\" cx=\"50%\" cy=\"50%\" stroke-width=\"2\"\/>\n                    <circle class=\"tb_feature_stroke\" r=\"calc(50% - 1.00px)\" cx=\"50%\" cy=\"50%\" stroke=\"#df3e1f\" stroke-width=\"2\" data-progress=\"100\" stroke-dasharray=\"0,10000\"\/>\n                                            <circle class=\"tb_feature_bg\" r=\"calc(50% - 1px)\" cx=\"50%\" cy=\"50%\" stroke-width=\"2\" fill=\"#3969c9\" \/>\n                                        <\/svg>\n                                <span class=\"chart-html5-circle tf_w tf_h\">\n                                            <em class=\"module-feature-icon tf_rel\" style=\"color:#f7f7f7\"><svg  class=\"tf_fa tf-fas-users\" aria-hidden=\"true\"><use href=\"#tf-fas-users\"><\/use><\/svg><\/em>\n                                    <\/span>\n\n                \n            <\/span>\n                <\/div>\n    <div class=\"module-feature-content tf_textc\">\n                <div class=\"tb_text_wrap\">\n            <p style=\"text-align: center\"><a href=\"https:\/\/www.rockytravel.net\/it\/consulenza-viaggio-australia\/\" rel=\"noopener\">Consulenza Viaggio AUS<\/a><\/p>        <\/div>\n    <\/div>\n<\/div>\n<!-- \/module feature -->\n        <\/div>\n                    <div  data-lazy=\"1\" class=\"module_column tb-column col4-1 tb_5j0b146\">\n                    <!-- module feature -->\n<div  class=\"module module-feature tb_zxcm221 with-chart layout-icon-top size-small \" data-layout-mobile=\"icon-top\" data-layout-desktop=\"icon-top\" data-lazy=\"1\">\n        <div class=\"module-feature-image tf_textc tf_rel\">\n                            <span class=\"module-feature-chart-html5 tf_box tf_rel tf_inline_b\">\n                                    <svg class=\"tf_abs tf_w tf_h\">\n                    <circle class=\"tb_feature_fill\" r=\"calc(50% - 1.00px)\" cx=\"50%\" cy=\"50%\" stroke-width=\"2\"\/>\n                    <circle class=\"tb_feature_stroke\" r=\"calc(50% - 1.00px)\" cx=\"50%\" cy=\"50%\" stroke=\"#df3e1f\" stroke-width=\"2\" data-progress=\"100\" stroke-dasharray=\"0,10000\"\/>\n                                            <circle class=\"tb_feature_bg\" r=\"calc(50% - 1px)\" cx=\"50%\" cy=\"50%\" stroke-width=\"2\" fill=\"#3969c9\" \/>\n                                        <\/svg>\n                                <span class=\"chart-html5-circle tf_w tf_h\">\n                                            <em class=\"module-feature-icon tf_rel\" style=\"color:#f7f7f7\"><svg  class=\"tf_fa tf-fas-shuttle-van\" aria-hidden=\"true\"><use href=\"#tf-fas-shuttle-van\"><\/use><\/svg><\/em>\n                                    <\/span>\n\n                \n            <\/span>\n                <\/div>\n    <div class=\"module-feature-content tf_textc\">\n                <div class=\"tb_text_wrap\">\n            <p style=\"text-align: center\"><a href=\"https:\/\/www.rockytravel.net\/solo-travel-tours-over-50-seniors-australia\/\">Tours In Australia<\/a><\/p>        <\/div>\n    <\/div>\n<\/div>\n<!-- \/module feature -->\n        <\/div>\n                    <div  data-lazy=\"1\" class=\"module_column tb-column col4-1 tb_wqcr703 last\">\n                    <!-- module feature -->\n<div  class=\"module module-feature tb_brdv114 with-chart layout-icon-top size-small \" data-layout-mobile=\"icon-top\" data-layout-desktop=\"icon-top\" data-lazy=\"1\">\n        <div class=\"module-feature-image tf_textc tf_rel\">\n                            <span class=\"module-feature-chart-html5 tf_box tf_rel tf_inline_b\">\n                                    <svg class=\"tf_abs tf_w tf_h\">\n                    <circle class=\"tb_feature_fill\" r=\"calc(50% - 1.00px)\" cx=\"50%\" cy=\"50%\" stroke-width=\"2\"\/>\n                    <circle class=\"tb_feature_stroke\" r=\"calc(50% - 1.00px)\" cx=\"50%\" cy=\"50%\" stroke=\"#df3e1f\" stroke-width=\"2\" data-progress=\"100\" stroke-dasharray=\"0,10000\"\/>\n                                            <circle class=\"tb_feature_bg\" r=\"calc(50% - 1px)\" cx=\"50%\" cy=\"50%\" stroke-width=\"2\" fill=\"#3969c9\" \/>\n                                        <\/svg>\n                                <span class=\"chart-html5-circle tf_w tf_h\">\n                                            <em class=\"module-feature-icon tf_rel\" style=\"color:#f7f7f7\"><svg  class=\"tf_fa tf-fas-car\" aria-hidden=\"true\"><use href=\"#tf-fas-car\"><\/use><\/svg><\/em>\n                                    <\/span>\n\n                \n            <\/span>\n                <\/div>\n    <div class=\"module-feature-content tf_textc\">\n                <div class=\"tb_text_wrap\">\n            <p style=\"text-align: center\"><a href=\"https:\/\/www.rockytravel.net\/it\/autonoleggio-australia\/\" rel=\"noopener\">Noleggio Auto Australia<\/a><\/p>        <\/div>\n    <\/div>\n<\/div>\n<!-- \/module feature -->\n        <\/div>\n                        <\/div>\n        <\/div>\n            <\/div>\n<!--\/themify_builder_content-->\n<\/div>\n<\/p>\n<!--themify_builder_content-->\n<div id=\"themify_builder_content-1943\" data-postid=\"1943\" class=\"themify_builder_content themify_builder_content-1943 themify_builder tf_clear\">\n    <\/div>\n<!--\/themify_builder_content-->\n","protected":false},"excerpt":{"rendered":"<p>Principale fattore chiave per il vostro viaggio in Australia \u00e8 trovare voli economici per Australia. Ci\u00f2 dipende molto da quale citt\u00e0 partite, quanto siete flessibili sia nelle date che nelle destinazioni e anche\u00a0 dall&#8217; itinerario. Sommando questi elementi il prezzo per un volo in Australia pu\u00f2 variare notevolmente. Ma quanto costa un volo per l&#8217;Australia? [&hellip;]<\/p>\n","protected":false},"author":1,"featured_media":0,"parent":0,"menu_order":0,"comment_status":"open","ping_status":"open","template":"","meta":{"_seopress_robots_primary_cat":"","_seopress_titles_title":"Voli Australia: Consigli per Trovare Online Voli Economici per l&#039;Australia","_seopress_titles_desc":"Consigli per trovare online i voli pi\u00f9 economici per l&#039;Australia. Confronta prezzi da Skyscanner, Momondo, Kiwi per voli con le migliori compagnie aeree","_seopress_robots_index":"","footnotes":""},"class_list":["post-1943","page","type-page","status-publish","hentry","has-post-title","has-post-date","has-post-category","has-post-tag","has-post-comment","has-post-author",""],"_links":{"self":[{"href":"https:\/\/www.staging.rockytravel.net\/it\/wp-json\/wp\/v2\/pages\/1943","targetHints":{"allow":["GET"]}}],"collection":[{"href":"https:\/\/www.staging.rockytravel.net\/it\/wp-json\/wp\/v2\/pages"}],"about":[{"href":"https:\/\/www.staging.rockytravel.net\/it\/wp-json\/wp\/v2\/types\/page"}],"author":[{"embeddable":true,"href":"https:\/\/www.staging.rockytravel.net\/it\/wp-json\/wp\/v2\/users\/1"}],"replies":[{"embeddable":true,"href":"https:\/\/www.staging.rockytravel.net\/it\/wp-json\/wp\/v2\/comments?post=1943"}],"version-history":[{"count":11,"href":"https:\/\/www.staging.rockytravel.net\/it\/wp-json\/wp\/v2\/pages\/1943\/revisions"}],"predecessor-version":[{"id":1033734,"href":"https:\/\/www.staging.rockytravel.net\/it\/wp-json\/wp\/v2\/pages\/1943\/revisions\/1033734"}],"wp:attachment":[{"href":"https:\/\/www.staging.rockytravel.net\/it\/wp-json\/wp\/v2\/media?parent=1943"}],"curies":[{"name":"wp","href":"https:\/\/api.w.org\/{rel}","templated":true}]}}