{"id":2019,"date":"2013-01-09T13:59:05","date_gmt":"2013-01-09T13:59:05","guid":{"rendered":"https:\/\/www.staging.rockytravel.net\/?page_id=2019"},"modified":"2022-01-02T15:29:32","modified_gmt":"2022-01-02T14:29:32","slug":"noleggio-camper-in-australia","status":"publish","type":"page","link":"https:\/\/www.staging.rockytravel.net\/it\/noleggio-camper-in-australia\/","title":{"rendered":"Noleggio Camper in Australia: Come Trovare le Migliori Offerte"},"content":{"rendered":"<p>Se state programmando una <span class=\"blue_bold\"><strong>vacanza in camper in Australia<\/strong>, in <\/span>zone remote dell&#8217;Outback Australiano, lungo i paesaggi costieri o nella regione tropicale del Queensland, siete arrivati sulla pagina giusta. Qui potete trovare tutte le <span class=\"blue_bold\">informazioni e consigli sul noleggio van Australia e come trovare le migliori offerte noleggio camper sull&#8217;intero territorio e <a href=\"https:\/\/www.staging.rockytravel.net\/it\/australia-destinazioni-viaggio\/\"><strong>destinazioni in Australia<\/strong><\/a>.<br \/>\n<\/span><\/p>\n<div style=\"text-align: center;\"><img loading=\"lazy\" decoding=\"async\" class=\"alignnone wp-image-31151\" src=\"https:\/\/www.staging.rockytravel.net\/wp-content\/uploads\/2020\/03\/Noleggio-Camper-Australia.jpg\" alt=\"Consigli per Noleggio Camper in Australia\" width=\"673\" height=\"412\" srcset=\"https:\/\/www.staging.rockytravel.net\/wp-content\/uploads\/2020\/03\/Noleggio-Camper-Australia.jpg 800w, https:\/\/www.staging.rockytravel.net\/wp-content\/uploads\/2020\/03\/Noleggio-Camper-Australia-300x184.jpg 300w, https:\/\/www.staging.rockytravel.net\/wp-content\/uploads\/2020\/03\/Noleggio-Camper-Australia-768x470.jpg 768w\" sizes=\"auto, (max-width: 673px) 100vw, 673px\" \/><\/div>\n<h2 style=\"text-align: left;\">Tutto sul Noleggio Camper in Australia<\/h2>\n<p>Se pensate di andare in Australia per una <strong>vacanza di 5-6 settimane, <\/strong>vale la pena considerare il noleggio di un camper. Se invece siete state organizzando un viaggio di 2-3 settimane potete considerare sia il noleggio di un auto con pernottamento in campeggio, dove potete noleggiare da una tenda alla modesta cabin (casa prefabricata) alla villa e bungalow. Il camper \u00e8 ideale per percorsi di lunghe distanze, destinazioni pi\u00f9 isolate, senza centri urbani e intrattenimenti.<\/p>\n<p style=\"text-align: center;\"><div class=\"su-button-center\"><a href=\"https:\/\/rockytravel.drivenow.com.au\/home\/campervan-hire\" class=\"su-button su-button-style-default\" style=\"color:#FFFFFF;background-color:#388be8;border-color:#2d70ba;border-radius:11px\" target=\"_blank\" rel=\"nofollow\" title=\"Rental Campervan in Australia\"><span style=\"color:#FFFFFF;padding:9px 28px;font-size:21px;line-height:32px;border-color:#74aeef;border-radius:11px;text-shadow:none\"><i class=\"sui sui-hand-o-right\" style=\"font-size:21px;color:#FFFFFF\"><\/i> Confronta e Prenota Campervan in Australia<\/span><\/a><\/div><\/p>\n<p>&nbsp;<\/p>\n<p>Consiglio di optare per <a href=\"https:\/\/www.staging.rockytravel.net\/it\/autonoleggio-australia\/\">l&#8217;auto a noleggio<\/a> al campervan, se il vostro budget \u00e8 limitato ma anche per motivi logistici e di tempi. Visitare l&#8217;Australia in camper \u00e8 pi\u00f9 vincolante del noleggiare un auto. Inoltre non \u00e8 economico se si viaggia da soli, ed \u00e8 quindi da considerare per periodi di vacanza pi\u00f9 lungi che vanno dalle 3 alle 6 e oltre settimane di permanenza per amortizzare bene i costi del noleggio. E sicuramente da considerare quando si viaggia perlomeno o in coppia o con un piccolo gruppo di amici o familiari, da 4 a 8 persone.<\/p>\n<p>A differenza del noleggio auto, dove non \u00e8 necessario pagare una quota prima del ritiro, per noleggiare un\u00a0 un campervan in Australia bisogna effettuare un versamento di un deposito, questo \u00e8 richiesto da tutte le compagnie con almeno 6 settimane di anticipo rispetto alla data del ritiro del camper.<\/p>\n<h3 style=\"text-align: left;\">Come prenotare un camper in Australia<\/h3>\n<div style=\"text-align: left;\"><a href=\"https:\/\/rockytravel.drivenow.com.au\/home\/campervan-hire\" target=\"_blank\" rel=\"nofollow noopener\">DriveNow<\/a> \u00e8 la compagnia che ha la pi\u00f9 ampia offerta camper, con tutti i maggiori fornitori disponibili sia Australia sia in Nuova Zelanda. Attraverso il loro innovativo sistema di comparazione online potete ottenere una lista di tutti i tipi di veicoli, fornitori, e le tariffe disponibili al momento della ricerca.<\/div>\n<p><strong>Il metodo di comparazione e prenotazione<\/strong>, come per il noleggio auto, \u00e8 facile, veloce e senza nessuna <span class=\"blue_bold\">tassa di servizio o addebiti nascosti nella tariffa.<\/span> Inoltre nessun pagamento in anticipo \u00e8 richiesto fino alle 6 settimane prima del <em>pick-up<\/em> (ritiro camper).<\/p>\n<h3 style=\"text-align: left;\">Cosa sapere sul noleggio Camper in Australia<\/h3>\n<p><strong><span class=\"blue_bold\">In Australia c&#8217;\u00e8 un minimo di periodo per il noleggio camper di 5 giorni<\/span><\/strong>. E per <em>noleggio one-way<\/em> (con luogo di ritiro e consegna del camper in luoghi diversi) \u00e8 richiesto un minimo di 7 giorni. Comunque ci potrebbero essere delle eccezioni a queste regole generali in alcuni luoghi.<\/p>\n<p>Se state programmando di noleggiare un camper sia in Australia sia in Nuova Zelanda molte compagnie <a href=\"https:\/\/rockytravel.drivenow.com.au\/campervan-hire\/promotions.jspc\" target=\"_blank\" rel=\"nofollow noopener\">offrono grossi sconti sul noleggio camper<\/a>, se le prenotazioni sono fatte nello stesso momento e perlomeno 3 mesi prima del pick-up del veicolo.<\/p>\n<h3 style=\"text-align: left;\">Come confrontare tariffe e come prenotare un camper in Australia<\/h3>\n<p>Dai risultati di ricerca ottenuti vi consiglio di <strong>valutare bene le diverse offerte delle singole compagnie di noleggio<\/strong>. Una volta effettuata la prenotazione riceverete una mail dal sito di drivenow con la conferma della prenotazione e tutti i dati per poterla modficare, annullare e anche come effettuare il pagamento.<\/p>\n<p>A seconda della compagnia di noleggio, potrebbe darsi che alcune delle societ\u00e0 Australiane richiedano un piccolo anticipo anche al momento della prenotazione stessa.<\/p>\n<p>&nbsp;<\/p>\n<p style=\"text-align: center;\"><div class=\"su-button-center\"><a href=\"https:\/\/rockytravel.drivenow.com.au\/home\/campervan-hire\" class=\"su-button su-button-style-default\" style=\"color:#FFFFFF;background-color:#388be8;border-color:#2d70ba;border-radius:11px\" target=\"_blank\" rel=\"nofollow\" title=\"Rental Campervan in Australia\"><span style=\"color:#FFFFFF;padding:9px 28px;font-size:21px;line-height:32px;border-color:#74aeef;border-radius:11px;text-shadow:none\"><i class=\"sui sui-hand-o-right\" style=\"font-size:21px;color:#FFFFFF\"><\/i> Confronta e Prenota Campervan in Australia<\/span><\/a><\/div><\/p>\n<p>&nbsp;<\/p>\n<p>&nbsp;<\/p>\n<h2>Che tipo di camper scegliere per il Viaggio in Australia<\/h2>\n<p>Innanzitutto dovete sapere che essendo l&#8217;Australia la patria del campeggio. Ci sono varie classificazioni di veicoli e tipologie per far fronte a tutte le esigenze dei viaggiatori ma anche al tipo di distanze e di territorio da esplorare. Eccovi di seguito una breve lista con i pi\u00f9 comuni veicoli e classi di camper che potete noleggiare in Australia e in Nuova Zelanda. Se potete considerare il noleggio di <a href=\"https:\/\/rockytravel.drivenow.com.au\/onewayrentals.jspc\" target=\"_blank\" rel=\"nofollow noopener\">camper di solo andata<\/a>.<\/p>\n<p>Questa \u00e8 la soluzione ideale per coloro che viaggiano per lunghi periodi e sono qundi interessati a percorrere distanze di sola andata.<\/p>\n<div style=\"text-align: left;\"><img loading=\"lazy\" decoding=\"async\" class=\"aligncenter wp-image-15920 \" src=\"https:\/\/www.staging.rockytravel.net\/wp-content\/uploads\/2013\/01\/DriveNowCarRental.png\" alt=\"drivenow car rental\" width=\"700\" height=\"316\" srcset=\"https:\/\/www.staging.rockytravel.net\/wp-content\/uploads\/2013\/01\/DriveNowCarRental.png 640w, https:\/\/www.staging.rockytravel.net\/wp-content\/uploads\/2013\/01\/DriveNowCarRental-300x135.png 300w\" sizes=\"auto, (max-width: 700px) 100vw, 700px\" \/><\/div>\n<div>\n<h3>Consigli su come scegliere il camper per un viaggio in Australia<\/h3>\n<\/div>\n<ul>\n<li><strong>Camper con un minimo di 2 fino a 3 posti letto<\/strong> per una coppia o una coppia con un figlio. La maggior parte includono una cucina attrezzata, impianto di condizionamento sia alla guida che nella cabina e molti dispongono anche di un bagno e ulteriori accessori come impianto TV e DVD. <a href=\"https:\/\/rockytravel.drivenow.com.au\/travel-centre\/britz\/britz-4berth-voyager-campervan.jspc\" target=\"_blank\" rel=\"nofollow noopener\">Il tipico camper Britz a 2 posti letto senza bagno<\/a>.<\/li>\n<li><strong>Camper 4WD<\/strong> &#8211; la differenza sostanziale \u00e8 che con un camper a 4 ruote motrici potete percorrere strade &#8220;unsealed&#8221; tipiche dell&#8217;Outback Australiano. Sono dunque ideali per chi vuole esplorare le zone tipiche del centro o del nord Australia, ma con prevalenza di Outback tracks. Mentre l&#8217;interno \u00e8 attrezzati in modo basico, ma dispongono anche di ulteriori estensioni di posti letto a tenda sul tetto del veicolo.Solitamente con soli 2 posti letto, se viaggiate in 4-5 potete consultare questa pagina con il<a href=\"https:\/\/rockytravel.drivenow.com.au\/travel-centre\/britz\/britz-4berth-discovery-motorhome.jspc\" target=\"_blank\" rel=\"noopener\"> Britz 4WD safari 4-wheel-drive<\/a>.<\/li>\n<li><strong>Motorhomes<\/strong> sono generalmente camper lunghi con una capacit\u00e0 di ospitare fino a 6 persone e una maggiore qualit\u00e0 sia di attrezzature che includono cucine e bagni dotati di tutti i comfort sia di impianti di condizionamento e TV-DVD pi\u00f9 sofisticati. Questi veicoli a diesel sono con motore diesel manuali e automatici e sono ideali quando si viaggia per mesi e con un gruppo di persone.Ecco un esempio di <a href=\"https:\/\/www.drivenow.com.au\/travel-centre\/britz\/britz-6berth-traveller-motorhome.jspc?affiliate=rockytravel\" rel=\"nofollow noopener\">camper di lusso a 6 posti letto<\/a>.A volte un camper a 6 posti pu\u00f2 essere meno costoso di un a 4 o a 2 posti. Quindi vale la pena confrontare sempre anche le offerte per camper grandi, anche se si viaggia in coppia.Ecco una lista di ulteriori classi di camper in Australia:<a href=\"https:\/\/rockytravel.drivenow.com.au\/travel-centre\/britz\/britz-4berth-voyager-campervan.jspc\" target=\"_blank\" rel=\"noopener\">Camper a\u00a0 2 posti letto disponibili per noleggio in Australia<\/a>\n<p><a href=\"https:\/\/rockytravel.drivenow.com.au\/travel-centre\/britz\/britz-4berth-discovery-motorhome.jspc\" target=\"_blank\" rel=\"noopener\">Camper a\u00a0 4 posti letto disponibili per noleggio in Australia<\/a><\/li>\n<\/ul>\n<h2>10 Consigli per le Prenotazioni Camper in Australia<\/h2>\n<p>Per gestire in modo efficiente le vostre prenotazioni di noleggio campervan in Australia, tenete sempre presente questi consigli:<\/p>\n<ol>\n<li><strong>Prenotate con largo anticipo<\/strong> per assicurare un van con i prezzi pi\u00f9 bassi. Se viaggiate in periodo di vacanze scolastiche e festivit\u00e0, \u00e8 essenziale la prenotazione con almeno 3-4 mesi.<\/li>\n<li><strong>Per circolare in Australia dovete avere una patente di guida internazionale,<\/strong> assieme alla vostra Italiana. Molte compagnie possono rifiutare il noleggio se non presentate tutti e due i documenti di guida.<\/li>\n<li><strong>Non dimenticate di prenotare un &#8220;powered site&#8221;<\/strong> per il vostro camper, presso gli holiday parks o campeggi lungo l&#8217;itinerario che intendete percorrere. Il powered site \u00e8 l&#8217;allacciamento alla corrente elettrica per rifornire il camper. In alta stagione, \u00e8 essenziale prenotarli in anticipo.<\/li>\n<li><strong>Al ritiro del camper, informatevi per le Road Tolls<\/strong>, ossia il pagamento di pedaggi stradali e come fare a creare un account online per avere un pass.<\/li>\n<li><strong>I Camper in Australia sono normalmente veicoli Diesel<\/strong>. I giorni migliori per fare il pieno del camper, a prezzi pi\u00f9 bassi, sono marted\u00ec e mercoled\u00ec in Australia.<\/li>\n<li><strong>Ogni ca. 80-100 km di distanza c&#8217;\u00e8 una zona di sosta<\/strong> per camper e auto. Fate una sosta ogni 2 ore di guida, per riposare am anche cambiare la guida.<\/li>\n<li><strong>Pianificate tutti i percorsi di guida giornalieri<\/strong>, in modo flessibile, con diverse ampie soste fra un\u00a0 posto e l&#8217;altro. C&#8217;\u00e8 tanto da vedere anche nelle zone remote. Non sottovalutate le distanze in Australia.<\/li>\n<li><strong>In estate prenotate un camper con aria condizionata<\/strong>, per proteggervi dalle temperature calde e dall&#8217;umidit\u00e0 delle zone tropicale.<\/li>\n<\/ol>\n<h2>Che fornitore scegliere per viaggiare in camper in Australia<\/h2>\n<p>L&#8217;Australia offre una vasta gamma di possibilit\u00e0 quando si pensa di noleggiere un camper in Australia si possono spendere dai 75-100 dollari al giorno fino a 400-500 dollari, a seconda del tipo e della classe. In base alla mia esperienza <strong>Britz<\/strong> \u00e8 un ottimo fornitore per un prezzo medio e veicoli di qualit\u00e0.<\/p>\n<p>Se state cercando qualcosa di pi\u00f9 economico <strong>Juicy Camper<\/strong> potrebbe essere una buona alternativa, mentre se volete qualcosa di pi\u00f9 comfortevole e lussuoso <strong>Maui<\/strong> \u00e8 la categoria pi\u00f9 alta.<\/p>\n<p>A questa pagina potere leggere sulle <a href=\"https:\/\/rockytravel.drivenow.com.au\/travel-centre\/campervan-hire-suppliers.jspc\" target=\"_blank\" rel=\"nofollow noopener\">compagnie di noleggio camper in Australia<\/a>.<\/p>\n<p style=\"text-align: center;\"><div class=\"su-button-center\"><a href=\"https:\/\/rockytravel.drivenow.com.au\/home\/campervan-hire\" class=\"su-button su-button-style-default\" style=\"color:#FFFFFF;background-color:#388be8;border-color:#2d70ba;border-radius:11px\" target=\"_blank\" rel=\"nofollow\" title=\"Rental Campervan in Australia\"><span style=\"color:#FFFFFF;padding:9px 28px;font-size:21px;line-height:32px;border-color:#74aeef;border-radius:11px;text-shadow:none\"><i class=\"sui sui-hand-o-right\" style=\"font-size:21px;color:#FFFFFF\"><\/i> Confronta e Prenota Campervan in Australia<\/span><\/a><\/div><\/p>\n<p><a href=\"https:\/\/rockytravel.drivenow.com.au\/covid-19-travel-advisory\" target=\"_blank\" rel=\"noopener noreferrer\"><strong>NOTA: Prima di Prenotare Si Prega di Consultare Gli Aggiornamenti sul COVID-19<\/strong><\/a><\/p>\n<h3>Pagine utili per noleggiare un auto in Australia<strong><br \/>\n<\/strong><\/h3>\n<div>Per noleggiare un auto in Australia consulta questa pagina: <a title=\"Autonoleggio Australia\" href=\"https:\/\/www.staging.rockytravel.net\/it\/autonoleggio-australia\/\">Autonoleggio in australia<\/a><\/div>\n<div><\/div>\n<div><a href=\"https:\/\/www.staging.rockytravel.net\/it\/viaggio-in-australia\/\"><strong>Consigli per Viaggiare in Australia<\/strong><\/a><\/div>\n<div>\n<p><a href=\"https:\/\/www.staging.rockytravel.net\/it\/australia-destinazioni-viaggio\/\"><strong>Tutti i Posti da Visitare in Australia<\/strong><\/a><\/p>\n<p><a href=\"https:\/\/www.staging.rockytravel.net\/it\/itinerario-viaggio-australia\/\"><strong>Crea Itinerario Viaggio Australia<\/strong><\/a><\/p>\n<p><a href=\"https:\/\/www.staging.rockytravel.net\/it\/voli-australia\/\"><strong>Trova Voli Economici per l&#8217;Australia<\/strong><\/a><\/p>\n<p><a title=\"Trova Alloggio in Australia\" href=\"https:\/\/www.staging.rockytravel.net\/it\/trova-alloggio-in-australia\/\"><strong>Trova\u00a0 Offerte Alloggio in Australia<\/strong><\/a><\/p>\n<p><a title=\"Trova Voli Interni Australia\" href=\"https:\/\/www.staging.rockytravel.net\/it\/trova-voli-interni-australia\/\"><strong>Voli Economici Interni Australia<\/strong><\/a><\/p>\n<p><a href=\"https:\/\/www.staging.rockytravel.net\/it\/assicurazione-viaggio-australia\/\"><strong>Acquista Assicurazione Viaggi per l&#8217;Australia<\/strong><\/a><\/p>\n<p><a href=\"https:\/\/www.staging.rockytravel.net\/it\/siti-viaggi-economici\/\"><strong>Guida Siti e Risorse per Viaggi Economici<\/strong><\/a><\/p>\n<p><a href=\"https:\/\/www.staging.rockytravel.net\/australia-guide-book\/\"><strong>Your Australia Itinerary Guide Book<\/strong><\/a><\/p>\n<p><a title=\"HomePage\" href=\"https:\/\/www.staging.rockytravel.net\/it\/\"><strong>Ritorna alla Homepage<\/strong><\/a><\/p>\n<\/div>\n<!--themify_builder_content-->\n<div id=\"themify_builder_content-2019\" data-postid=\"2019\" class=\"themify_builder_content themify_builder_content-2019 themify_builder tf_clear\">\n    <\/div>\n<!--\/themify_builder_content-->\n","protected":false},"excerpt":{"rendered":"<p>Se state programmando una vacanza in camper in Australia, in zone remote dell&#8217;Outback Australiano, lungo i paesaggi costieri o nella regione tropicale del Queensland, siete arrivati sulla pagina giusta. Qui potete trovare tutte le informazioni e consigli sul noleggio van Australia e come trovare le migliori offerte noleggio camper sull&#8217;intero territorio e destinazioni in Australia. [&hellip;]<\/p>\n","protected":false},"author":1,"featured_media":0,"parent":0,"menu_order":0,"comment_status":"open","ping_status":"open","template":"","meta":{"_seopress_robots_primary_cat":"","_seopress_titles_title":"Noleggio Camper in Australia - Consigli per trovare le migiori offerte","_seopress_titles_desc":"Vuoi fare una vacanza in camper? Consulta la mia guida con consigli per confrontare e trovare le migliori offerte di noleggio camper in Australia.","_seopress_robots_index":"","footnotes":""},"class_list":["post-2019","page","type-page","status-publish","hentry","has-post-title","has-post-date","has-post-category","has-post-tag","has-post-comment","has-post-author",""],"_links":{"self":[{"href":"https:\/\/www.staging.rockytravel.net\/it\/wp-json\/wp\/v2\/pages\/2019","targetHints":{"allow":["GET"]}}],"collection":[{"href":"https:\/\/www.staging.rockytravel.net\/it\/wp-json\/wp\/v2\/pages"}],"about":[{"href":"https:\/\/www.staging.rockytravel.net\/it\/wp-json\/wp\/v2\/types\/page"}],"author":[{"embeddable":true,"href":"https:\/\/www.staging.rockytravel.net\/it\/wp-json\/wp\/v2\/users\/1"}],"replies":[{"embeddable":true,"href":"https:\/\/www.staging.rockytravel.net\/it\/wp-json\/wp\/v2\/comments?post=2019"}],"version-history":[{"count":10,"href":"https:\/\/www.staging.rockytravel.net\/it\/wp-json\/wp\/v2\/pages\/2019\/revisions"}],"predecessor-version":[{"id":1035516,"href":"https:\/\/www.staging.rockytravel.net\/it\/wp-json\/wp\/v2\/pages\/2019\/revisions\/1035516"}],"wp:attachment":[{"href":"https:\/\/www.staging.rockytravel.net\/it\/wp-json\/wp\/v2\/media?parent=2019"}],"curies":[{"name":"wp","href":"https:\/\/api.w.org\/{rel}","templated":true}]}}